{"id":9,"date":"2025-12-31T14:19:15","date_gmt":"2025-12-31T14:19:15","guid":{"rendered":"http:\/\/leprintempsjaponais.fr\/?page_id=9"},"modified":"2026-03-10T12:54:40","modified_gmt":"2026-03-10T11:54:40","slug":"home","status":"publish","type":"page","link":"https:\/\/leprintempsjaponais.fr\/","title":{"rendered":"Accueil"},"content":{"rendered":"<p style=\"box-sizing: inherit; margin-bottom: 8px; border: 0px; font-size: 15px; vertical-align: baseline; color: #323338; font-family: Figtree, Roboto, 'Noto Sans Hebrew', 'Noto Kufi Arabic', 'Noto Sans JP', sans-serif; outline: none !important;\">De mars \u00e0 mai 2026, La Petite Galerie \u00e0 Brest vous invite \u00e0 une immersion dans la culture japonaise et la philosophie qui la sous-tend, \u00e0 travers expositions, rencontres et animations. Un moment de pause et de respiration, hors du rythme effr\u00e9n\u00e9 du quotidien.<\/p>\n<p>Une grande partie des \u00e9v\u00e9nements est d\u00e9j\u00e0 disponible \u00e0 la r\u00e9servation, vous pouvez les consulter et acheter vos billets ici :<\/p>\n<p>\n\n<\/p>\n<p>\t\t\t\t\t\t\t\t<a href=\"https:\/\/leprintempsjaponais.fr\/index.php\/events\/\"><br \/>\n\t\t\t\t\t\t\t\t\tD\u00e9couvrez la programmation compl\u00e8te<br \/>\n\t\t\t\t\t<\/a><!-- \/wp:post-content --><\/p>\n\n<!-- wp:paragraph -->\n<p><\/p>\n<!-- \/wp:paragraph -->","protected":false},"excerpt":{"rendered":"<p>De mars \u00e0 mai 2026, La Petite Galerie \u00e0 Brest vous invite \u00e0 une immersion dans la culture japonaise et la philosophie qui la sous-tend, \u00e0 travers expositions, rencontres et &hellip; <\/p>\n<p class=\"link-more\"><a href=\"https:\/\/leprintempsjaponais.fr\/\" class=\"more-link\">Continuer la lecture<span class=\"screen-reader-text\"> de &laquo;&nbsp;Accueil&nbsp;&raquo;<\/span><\/a><\/p>\n","protected":false},"author":1,"featured_media":0,"parent":0,"menu_order":0,"comment_status":"closed","ping_status":"closed","template":"","meta":{"_price":"","_stock":"","_tribe_ticket_header":"","_tribe_default_ticket_provider":"","_tribe_ticket_capacity":"","_ticket_start_date":"","_ticket_end_date":"","_tribe_ticket_show_description":"","_tribe_ticket_show_not_going":false,"_tribe_ticket_use_global_stock":"","_tribe_ticket_global_stock_level":"","_global_stock_mode":"","_global_stock_cap":"","_tribe_rsvp_for_event":"","_tribe_ticket_going_count":"","_tribe_ticket_not_going_count":"","_tribe_tickets_list":"[]","_tribe_ticket_has_attendee_info_fields":false,"footnotes":""},"class_list":["post-9","page","type-page","status-publish","hentry"],"_links":{"self":[{"href":"https:\/\/leprintempsjaponais.fr\/wp-json\/wp\/v2\/pages\/9","targetHints":{"allow":["GET"]}}],"collection":[{"href":"https:\/\/leprintempsjaponais.fr\/wp-json\/wp\/v2\/pages"}],"about":[{"href":"https:\/\/leprintempsjaponais.fr\/wp-json\/wp\/v2\/types\/page"}],"author":[{"embeddable":true,"href":"https:\/\/leprintempsjaponais.fr\/wp-json\/wp\/v2\/users\/1"}],"replies":[{"embeddable":true,"href":"https:\/\/leprintempsjaponais.fr\/wp-json\/wp\/v2\/comments?post=9"}],"version-history":[{"count":66,"href":"https:\/\/leprintempsjaponais.fr\/wp-json\/wp\/v2\/pages\/9\/revisions"}],"predecessor-version":[{"id":1236,"href":"https:\/\/leprintempsjaponais.fr\/wp-json\/wp\/v2\/pages\/9\/revisions\/1236"}],"wp:attachment":[{"href":"https:\/\/leprintempsjaponais.fr\/wp-json\/wp\/v2\/media?parent=9"}],"curies":[{"name":"wp","href":"https:\/\/api.w.org\/{rel}","templated":true}]}}